{"id":68476,"date":"2024-08-07T00:52:53","date_gmt":"2024-08-06T22:52:53","guid":{"rendered":"https:\/\/laadpaaltechniekers.be\/product\/zappi-v2\/"},"modified":"2024-09-08T16:00:55","modified_gmt":"2024-09-08T14:00:55","slug":"zappi-v2","status":"publish","type":"product","link":"https:\/\/laadpaaltechniekers.be\/fr\/produit\/zappi-v2\/","title":{"rendered":"Zappi V2"},"content":{"rendered":"<h1>Borne de recharge Zappi V2 22kW &#8211; C\u00e2ble de recharge fixe de 6,5 m\u00e8tres + installation et connexion \u00e0 vos panneaux solaires<\/h1>\n<p>&nbsp;<\/p>\n<p>La Zappi V2 a la particularit\u00e9 unique de vous permettre de recharger votre v\u00e9hicule \u00e9lectrique en utilisant 100 % de l&rsquo;\u00e9nergie solaire que vous produisez vous-m\u00eame ! La Zappi V2 est con\u00e7ue pour se recharger enti\u00e8rement ou partiellement gr\u00e2ce \u00e0 l&rsquo;\u00e9nergie solaire g\u00e9n\u00e9r\u00e9e par vos propres panneaux solaires. Gr\u00e2ce \u00e0 la borne de recharge, vous pouvez facilement s\u00e9lectionner les param\u00e8tres souhait\u00e9s qui conviennent \u00e0 votre situation.<\/p>\n<p>La borne de recharge a une capacit\u00e9 de charge universelle allant jusqu&rsquo;\u00e0 22 kW et est livr\u00e9e avec un c\u00e2ble de charge de type 2 de 6,5 m\u00e8tres adapt\u00e9 \u00e0 tous les v\u00e9hicules dot\u00e9s d&rsquo;une entr\u00e9e de type 2. La Zappi V2 peut \u00e9galement \u00eatre connect\u00e9e \u00e0 une alimentation monophas\u00e9e et triphas\u00e9e.<\/p>\n<p>Avec le Zappi HUB, vous pouvez rapidement cr\u00e9er une connexion Internet pour la Zappi V2. Cela vous permet de contr\u00f4ler la borne de recharge avec l&rsquo;application et de recevoir les futures mises \u00e0 jour du firmware. La borne de recharge est livr\u00e9e avec 3 pinces CT qui peuvent \u00eatre fix\u00e9es au c\u00e2ble de phase pour mesurer et r\u00e9guler la consommation.<\/p>\n<h2 style=\"color: #84c951;\">Avantages et caract\u00e9ristiques du Zappi V2\u00a0:<\/h2>\n<h4 style=\"color: #84c951;\">Compteur KWh<\/h4>\n<p>L&rsquo;\u00e9cran de votre Zappi vous donne toujours une vue actualis\u00e9e de la consommation des sessions de recharge. Vous pouvez lire toutes les sessions de recharge par jour, par semaine, par mois, par an, afficher le total ou pour une plage de dates personnalis\u00e9e.<\/p>\n<h4 style=\"color: #84c951;\">Pince CT Myenergi<\/h4>\n<p>Avec cette pince CT, le Zappi peut mesurer la consommation de la maison ou la production de vos propres panneaux solaires. Une pince CT est incluse \u00e0 l&rsquo;achat d&rsquo;un Zappi. Une pince CT suppl\u00e9mentaire vous permet de mesurer la production de vos panneaux solaires, qui peut \u00eatre lue sur l&rsquo;\u00e9cran de la borne de recharge. Pour la mesure triphas\u00e9e, vous devez utiliser 3 pinces CT en combinaison avec le Harvi.<\/p>\n<h4 style=\"color: #84c951;\">Myenergi Hub<\/h4>\n<p>Le Zappi Hub cr\u00e9e en un rien de temps une connexion Internet pour la station de charge Zappi V2. Cela vous permet de contr\u00f4ler votre Zappi avec l&rsquo;application Myenergi et de lire la consommation sur votre smartphone. De plus, le Zappi HUB fournit des mises \u00e0 jour logicielles pour la station de charge Zappi, garantissant qu&rsquo;elle reste \u00e0 jour et devienne plus intelligente au fil du temps.<\/p>\n<h4 style=\"color: #84c951;\">Myenergi Harvi<\/h4>\n<p>Le Harvi est un petit appareil qui peut communiquer intelligemment avec le Zappi V2, vous n&rsquo;avez donc pas besoin d&rsquo;un capteur de pince CT filaire. Au lieu de cela, le Harvi est connect\u00e9 \u00e0 une pince CT, ce qui permet au Zappi de mesurer la puissance du r\u00e9seau ou la puissance auto-produite par les panneaux solaires.<\/p>\n<h4 style=\"color: #84c951;\">\u00c9quilibrage de charge<\/h4>\n<p>La station de charge Zappi V2 est \u00e9quip\u00e9e d&rsquo;un \u00e9quilibrage de charge. Cela signifie que votre capacit\u00e9 maximale, votre fusible principal et les autres consommateurs du circuit ne sont pas surcharg\u00e9s. Il utilise efficacement la connexion principale et les panneaux solaires sans surcharger les fusibles. Gr\u00e2ce \u00e0 l&rsquo;\u00e9quilibrage de charge, le Zappi V2 peut \u00eatre prot\u00e9g\u00e9 en fonction de la taille de la connexion principale.<\/p>\n<h2 style=\"color: #84c951;\">Le Zappi V2 dispose de 3 modes de charge diff\u00e9rents\u00a0:<\/h2>\n<h3 style=\"color: #84c951;\">Mode ECO+<\/h3>\n<p>Charge compl\u00e8te sans utiliser le courant du r\u00e9seau\u00a0; la charge de la voiture est interrompue lorsque l&rsquo;\u00e9nergie auto-produite par les panneaux solaires est trop faible. Vous pouvez choisir vous-m\u00eame le pourcentage de charge verte.<\/p>\n<h3 style=\"color: #84c951;\">Mode ECO<\/h3>\n<p>Charge intelligente avec autant d&rsquo;\u00e9nergie propre que possible ; lorsque l&rsquo;\u00e9nergie propre est trop faible, l&rsquo;\u00e9nergie est \u00e9quilibr\u00e9e en ajoutant de l&rsquo;\u00e9lectricit\u00e9 du r\u00e9seau. Il s&rsquo;agit d&rsquo;un minimum de 1,4 kW.<\/p>\n<h3 style=\"color: #84c951;\">Mode rapide<\/h3>\n<p>Gr\u00e2ce \u00e0 la fonction de charge rapide, vous pouvez charger \u00e0 la puissance maximale. Dans ce mode, l&rsquo;\u00e9lectricit\u00e9 est fournie par le r\u00e9seau avec une capacit\u00e9 maximale de 7 kW. Cela d\u00e9pend de la voiture que vous conduisez et de la connexion dont vous disposez (16 A ou 32 A).<\/p>\n<h2 style=\"color: #84c951;\">Accessoires Zappi V2\u00a0:<\/h2>\n<h3 style=\"color: #84c951;\">Pince CT Myenergi<\/h3>\n<p>\u00c9l\u00e9ment inclus pour l&rsquo;\u00e9quilibrage de charge afin de mesurer l&rsquo;\u00e9nergie solaire. Avec cette pince CT, Zappi peut mesurer le(s) c\u00e2ble(s) de phase du fusible principal, pour sa protection, la consommation domestique, l&rsquo;autoproduction exc\u00e9dentaire, et aussi pour la sortie de vos panneaux solaires.<\/p>\n<h3 style=\"color: #84c951;\">Myenergi Hub<\/h3>\n<p>Assure la connectivit\u00e9 en ligne. N\u00e9cessaire pour les mises \u00e0 jour et les informations sur la production d&rsquo;\u00e9nergie des panneaux solaires via l&rsquo;application MyEnergi. Le hub Zappi est un petit accessoire suppl\u00e9mentaire pour tous les mod\u00e8les Zappi, vous permettant de le connecter \u00e0 Internet. Cela vous permet de contr\u00f4ler et de lire le Zappi via une application sur votre t\u00e9l\u00e9phone portable ou votre tablette. De plus, vous maintenez le Zappi \u00e0 jour et pouvez utiliser de nouvelles fonctionnalit\u00e9s.<\/p>\n<h3 style=\"color: #84c951;\">Myenergi Harvi<\/h3>\n<p>Harvi est un petit appareil intelligent qui permet de communiquer avec Zappi ou Eddi. Il permet de travailler sans capteur de pince CT filaire. Harvi ne n\u00e9cessite pas d&rsquo;alimentation s\u00e9par\u00e9e ; l&rsquo;\u00e9nergie g\u00e9n\u00e9r\u00e9e par la pince CT via sa bobine magn\u00e9tique est utilis\u00e9e pour envoyer le signal du courant mesur\u00e9 au Zappi ou \u00e0 l&rsquo;Eddi. De cette fa\u00e7on, vous pouvez connecter sans fil les pinces de mesure \u00e0 l&rsquo;onduleur pour rendre la production d&rsquo;\u00e9nergie solaire visible dans l&rsquo;application Zappi.<\/p>\n<h3 style=\"color: #84c951;\">Myenergi Eddi<\/h3>\n<p>Le Myenergi Eddi assure une utilisation maximale de votre \u00e9nergie autoproduite pour vos utilisateurs \u00e9lectriques en r\u00e9gulant le surplus d&rsquo;\u00e9nergie de vos panneaux solaires vers vos appareils de chauffage. L&rsquo;Eddi enregistre \u00e9galement les donn\u00e9es d&rsquo;\u00e9conomie d&rsquo;\u00e9nergie pour optimiser l&rsquo;utilisation et \u00e9conomiser en continu.<\/p>\n<h3 style=\"color: #84c951;\">Garantie de 3 ans incluse<\/h3>\n<p>Ce produit est livr\u00e9 avec une garantie de 3 ans. Une fois votre Myenergi Zappi V2 install\u00e9, enregistrez les produits individuels pour b\u00e9n\u00e9ficier pleinement de la garantie de 3 ans pour une recharge sans interruption de votre v\u00e9hicule \u00e9lectrique. Vous avez une question sur la garantie ? N&rsquo;h\u00e9sitez pas \u00e0 contacter notre service client. Nous sommes heureux de vous aider\u00a0!<\/p>\n<h3 style=\"color: #84c951;\">Sp\u00e9cifications techniques\u00a0:<\/h3>\n<table style=\"width: 100%; border-collapse: collapse; margin-top: 20px;\">\n<tbody>\n<tr>\n<td style=\"border: 1px solid #ddd; padding: 8px;\">Puissance nominale<\/td>\n<td style=\"border: 1px solid #ddd; padding: 8px;\">7 kW (monophas\u00e9) ou 22 kW (triphas\u00e9)<\/td>\n<\/tr>\n<tr>\n<td style=\"border: 1px solid #ddd; padding: 8px;\">Tension d&rsquo;alimentation nominale<\/td>\n<td style=\"border: 1px solid #ddd; padding: 8px;\">230\u00a0V\u00a0CA monophas\u00e9 ou 400\u00a0V\u00a0CA triphas\u00e9 (+\/- 10\u00a0%)<\/td>\n<\/tr>\n<tr>\n<td style=\"border: 1px solid #ddd; padding: 8px;\">Fr\u00e9quence d&rsquo;alimentation<\/td>\n<td style=\"border: 1px solid #ddd; padding: 8px;\">50 Hz<\/td>\n<\/tr>\n<tr>\n<td style=\"border: 1px solid #ddd; padding: 8px;\">Courant nominal<\/td>\n<td style=\"border: 1px solid #ddd; padding: 8px;\">32\u00a0A max<\/td>\n<\/tr>\n<tr>\n<td style=\"border: 1px solid #ddd; padding: 8px;\">Consommation \u00e9lectrique en veille<\/td>\n<td style=\"border: 1px solid #ddd; padding: 8px;\">3\u00a0W<\/td>\n<\/tr>\n<tr>\n<td style=\"border: 1px solid #ddd; padding: 8px;\">3\u00a0W<\/td>\n<\/tr>\n<tr>\n<td style=\"border: 1px solid #ddd; padding: 8px;\">Protection int\u00e9grale contre les fuites \u00e0 la terre<\/td>\n<td style=\"border: 1px solid #ddd; padding: 8px;\">Disjoncteur diff\u00e9rentiel de type A 30 mA (EN 61008) + protection CC 6 mA (EN 62955)<\/td>\n<\/tr>\n<tr>\n<td style=\"border: 1px solid #ddd; padding: 8px;\">Tarif \u00e9conomique<\/td>\n<td style=\"border: 1px solid #ddd; padding: 8px;\">D\u00e9tection d&rsquo;entr\u00e9e 230 V CA (4,0 kV isol\u00e9)<\/td>\n<\/tr>\n<tr>\n<td style=\"border: 1px solid #ddd; padding: 8px;\">Longueur de c\u00e2ble fixe<\/td>\n<td style=\"border: 1px solid #ddd; padding: 8px;\">6,5 m\u00e8tres<\/td>\n<\/tr>\n<tr>\n<td style=\"border: 1px solid #ddd; padding: 8px;\">Dimensions du bo\u00eetier<\/td>\n<td style=\"border: 1px solid #ddd; padding: 8px;\">439 x 282 x 122 mm<\/td>\n<\/tr>\n<tr>\n<td style=\"border: 1px solid #ddd; padding: 8px;\">Indice de protection<\/td>\n<td style=\"border: 1px solid #ddd; padding: 8px;\">IP65 (r\u00e9sistant aux intemp\u00e9ries)<\/td>\n<\/tr>\n<tr>\n<td style=\"border: 1px solid #ddd; padding: 8px;\">Mat\u00e9riau du bo\u00eetier<\/td>\n<td style=\"border: 1px solid #ddd; rembourrage\u00a0: 8\u00a0px\u00a0;\">ABS 6 et 3\u00a0mm (ignifuge UL\u00a094)<\/td>\n<\/tr>\n<\/tbody>\n<\/table>\n<p>&nbsp;<\/p>\n","protected":false},"excerpt":{"rendered":"<p>\u2705 Enti\u00e8rement charg\u00e9 sur des panneaux solaires 100 % propres<br \/>\n\u2705\u00a0Adaptez la capacit\u00e9 de charge \u00e0 la consommation<br \/>\n\u2705\u00a0Fourni avec un compteur kWh<br \/>\n\u2705\u00a0Prise en charge de l&rsquo;\u00e9quilibrage de charge<br \/>\n\u2705\u00a0Affichez l&rsquo;\u00e9nergie produite via l&rsquo;application Myenergi<br \/>\n\u2705\u00a0Contr\u00f4le via l&rsquo;application sur tablette ou smartphone<br \/>\n\u2705\u00a0C\u00e2ble de charge fixe de 6,5 m\u00e8tres<\/p>\n","protected":false},"featured_media":68038,"template":"","meta":{"_monsterinsights_skip_tracking":false,"_monsterinsights_sitenote_active":false,"_monsterinsights_sitenote_note":"","_monsterinsights_sitenote_category":0,"_uf_show_specific_survey":0,"_uf_disable_surveys":false},"product_brand":[],"product_cat":[135,129,128],"product_tag":[],"class_list":{"0":"post-68476","1":"product","2":"type-product","3":"status-publish","4":"has-post-thumbnail","6":"product_cat-evolutif-et-complet","7":"product_cat-tout","8":"product_cat-toutes-les-stations-de-recharge","10":"first","11":"instock","12":"taxable","13":"shipping-taxable","14":"purchasable","15":"product-type-simple"},"exclude_global_add_ons":false,"addons":[{"name":"1.Installation","type":"multiple_choice","position":0,"required":true,"title_format":"label","description_enable":true,"description":"Mat\u00e9riel : C\u00e2ble d'alimentation, disjoncteur diff\u00e9rentiel, disjoncteur et tube d'installation en PVC. Installation et placement id\u00e9alement sous 1 \u00e0 4 semaines*","placeholder_enable":false,"placeholder":"","display":"select","restrictions_type":"any_text","adjust_price":false,"price":"","price_type":"flat_fee","restrictions":false,"min":0,"max":0,"options":[{"label":"installez-vous","price":"","price_type":"flat_fee","image":0},{"label":"Installation jusqu'\u00e0 5 m\u00e8tres (Main d'oeuvre : 349,00 \u20ac + Mat\u00e9riaux 85,00 \u20ac) Total :","price":"434","price_type":"flat_fee","image":0},{"label":"Installation jusqu'\u00e0 10 m\u00e8tres (Main d'oeuvre : 379,00 \u20ac + Mat\u00e9riaux 105,00 \u20ac) Total :","price":"484","price_type":"flat_fee","image":0},{"label":"Installation jusqu'\u00e0 15 m\u00e8tres (Main d'oeuvre : 399,00 \u20ac + Mat\u00e9riaux 140,00 \u20ac) Total :","price":"539","price_type":"flat_fee","image":0},{"label":"Installation jusqu'\u00e0 20 m\u00e8tres (Main d'\u0153uvre : 425,00 \u20ac + Mat\u00e9riaux 190,00 \u20ac) Total :","price":"615","price_type":"flat_fee","image":0}],"id":1722852623},{"name":"2. Choisissez votre mod\u00e8le","type":"multiple_choice","position":1,"required":true,"title_format":"label","description_enable":false,"description":"","placeholder_enable":false,"placeholder":"","display":"select","restrictions_type":"any_text","adjust_price":false,"price":"","price_type":"flat_fee","restrictions":false,"min":0,"max":0,"options":[{"label":"Douille","price":"","price_type":"flat_fee","image":0},{"label":"C\u00e2ble fixe de 6,5 m\u00e8tres","price":"55","price_type":"flat_fee","image":0}],"id":1722980077},{"name":"3. Comment souhaitez-vous monter la station de recharge ?","type":"multiple_choice","position":2,"required":true,"title_format":"label","description_enable":false,"description":"","placeholder_enable":false,"placeholder":"","display":"select","restrictions_type":"any_text","adjust_price":false,"price":"","price_type":"flat_fee","restrictions":false,"min":0,"max":0,"options":[{"label":"Support mural","price":"","price_type":"flat_fee","image":0},{"label":"Montage sur poteau","price":"589.00","price_type":"flat_fee","image":0}],"id":1722963245},{"name":"4. Comment souhaitez-vous organiser l\u2019inspection \u00e9lectrique ?","type":"multiple_choice","position":3,"required":true,"title_format":"label","description_enable":false,"description":"","placeholder_enable":false,"placeholder":"","display":"select","restrictions_type":"any_text","adjust_price":false,"price":"","price_type":"flat_fee","restrictions":false,"min":0,"max":0,"options":[{"label":"Prenez rendez-vous vous-m\u00eame","price":"","price_type":"flat_fee","image":0},{"label":"Nous planifions l'inspection pour vous","price":"165.00","price_type":"flat_fee","image":0}],"id":1722963246}],"aioseo_notices":[],"jetpack_sharing_enabled":true,"_links":{"self":[{"href":"https:\/\/laadpaaltechniekers.be\/fr\/wp-json\/wp\/v2\/product\/68476","targetHints":{"allow":["GET"]}}],"collection":[{"href":"https:\/\/laadpaaltechniekers.be\/fr\/wp-json\/wp\/v2\/product"}],"about":[{"href":"https:\/\/laadpaaltechniekers.be\/fr\/wp-json\/wp\/v2\/types\/product"}],"wp:featuredmedia":[{"embeddable":true,"href":"https:\/\/laadpaaltechniekers.be\/fr\/wp-json\/wp\/v2\/media\/68038"}],"wp:attachment":[{"href":"https:\/\/laadpaaltechniekers.be\/fr\/wp-json\/wp\/v2\/media?parent=68476"}],"wp:term":[{"taxonomy":"product_brand","embeddable":true,"href":"https:\/\/laadpaaltechniekers.be\/fr\/wp-json\/wp\/v2\/product_brand?post=68476"},{"taxonomy":"product_cat","embeddable":true,"href":"https:\/\/laadpaaltechniekers.be\/fr\/wp-json\/wp\/v2\/product_cat?post=68476"},{"taxonomy":"product_tag","embeddable":true,"href":"https:\/\/laadpaaltechniekers.be\/fr\/wp-json\/wp\/v2\/product_tag?post=68476"}],"curies":[{"name":"wp","href":"https:\/\/api.w.org\/{rel}","templated":true}]}}