{"id":68466,"date":"2024-08-06T21:10:14","date_gmt":"2024-08-06T19:10:14","guid":{"rendered":"https:\/\/laadpaaltechniekers.be\/product\/easee-charge-lite\/"},"modified":"2024-08-06T21:10:14","modified_gmt":"2024-08-06T19:10:14","slug":"easee-charge-lite","status":"publish","type":"product","link":"https:\/\/laadpaaltechniekers.be\/fr\/produit\/easee-charge-lite\/","title":{"rendered":"Easee Charge Lite"},"content":{"rendered":"<h1>Acheter la borne de recharge Easee Charge Lite 11 kW &#8211; Wifi\/eSIM\/RFID\/compteur kWh + installation incluse*<\/h1>\n<p>La borne Easee est une borne de recharge facile \u00e0 utiliser avec une gamme d&rsquo;options et de fonctionnalit\u00e9s. La borne de recharge prend en charge tout type de connexion \u00e9lectrique, permettant une recharge monophas\u00e9e et triphas\u00e9e. La prise universelle rend cette borne de recharge adapt\u00e9e \u00e0 tout type de v\u00e9hicule hybride ou \u00e9lectrique.<\/p>\n<p>La borne de recharge est \u00e9galement \u00e9quip\u00e9e du WiFi, de la 4G, du RFID, d&rsquo;un compteur kWh et d&rsquo;une eSIM avec un abonnement gratuit \u00e0 vie garantissant que la borne dispose toujours d&rsquo;une bonne connexion, m\u00eame si le WiFi int\u00e9gr\u00e9 n&rsquo;a pas de r\u00e9ception.<\/p>\n<p>La borne de recharge Easee est con\u00e7ue pour \u00eatre fonctionnelle, durable et esth\u00e9tique. Elle est l\u00e9g\u00e8re, ne pesant qu&rsquo;environ 1,5 kg, et est environ 69 % plus petite que les autres chargeurs de v\u00e9hicules \u00e9lectriques disponibles sur le march\u00e9. Cela fait de la borne Easee Home une solution \u00e0 la fois compacte et intelligente. Elle offre une solution dynamique pour la recharge \u00e0 domicile. Si plusieurs voitures sont utilis\u00e9es dans un foyer, la station de recharge Easee Home assure une r\u00e9partition dynamique de la charge, avec trois unit\u00e9s de charge partageant la m\u00eame alimentation \u00e9lectrique. La puissance de charge varie de 1,4 kW \u00e0 11 kW, ce qui la rend adapt\u00e9e \u00e0 une grande vari\u00e9t\u00e9 de v\u00e9hicules \u00e9lectriques.<\/p>\n<p>La station de recharge Easee Home dispose d&rsquo;une connectivit\u00e9 WiFi et d&rsquo;une int\u00e9gration 4G via l&rsquo;eSIM int\u00e9gr\u00e9e, ainsi que de l&rsquo;application Easee, vous permettant de surveiller et de g\u00e9rer votre processus de charge en temps r\u00e9el, tandis que votre appareil re\u00e7oit \u00e9galement des mises \u00e0 jour logicielles et des correctifs de bogues \u00e0 distance pour vous assurer de toujours b\u00e9n\u00e9ficier d&rsquo;un service de charge optimal.<\/p>\n<p>Le prix de la station de recharge Easee est de 845 \u20ac. Il existe deux mod\u00e8les : Home et Charge. Le mod\u00e8le Charge co\u00fbte 895 \u20ac et permet de connecter plusieurs chargeurs, prenant en charge jusqu&rsquo;\u00e0 101 chargeurs. La station de recharge Easee est une solution de recharge intelligente pour v\u00e9hicules \u00e9lectriques produite en Norv\u00e8ge, adapt\u00e9e \u00e0 divers v\u00e9hicules \u00e9lectriques avec une prise de type 2. Elle s&rsquo;adapte \u00e0 une large gamme de v\u00e9hicules, de tensions et de r\u00e9seaux \u00e9lectriques.<\/p>\n<h3 style=\"color: #84c951;\">Avantages et fonctionnalit\u00e9s de la borne de recharge Easee<\/h3>\n<h3 style=\"color: #84c951;\">Charge rapide<\/h3>\n<p>Avec Easee Home, vous pouvez recharger votre v\u00e9hicule \u00e9lectrique jusqu&rsquo;\u00e0 dix fois plus vite qu&rsquo;une prise classique. Votre VE se charge le plus rapidement possible dans des conditions s\u00fbres et compatibles. L&rsquo;installation triphas\u00e9e permet une charge dix fois plus rapide, tandis que l&rsquo;installation monophas\u00e9e offre une charge trois fois plus rapide.<\/p>\n<h3 style=\"color: #84c951;\">Toujours connect\u00e9 \u00e0 Internet<\/h3>\n<p>Easee Home dispose d&rsquo;une eSIM int\u00e9gr\u00e9e qui permet la connexion au r\u00e9seau mobile local. L&rsquo;utilisateur peut acc\u00e9der au r\u00e9seau mobile et le chargeur de VE peut recevoir des mises \u00e0 jour logicielles. Si l&rsquo;appareil n&rsquo;a pas acc\u00e8s au r\u00e9seau mobile, la solution de recharge pour VE peut \u00eatre connect\u00e9e au r\u00e9seau Wi-Fi local.<\/p>\n<h3 style=\"color: #84c951;\">Design<\/h3>\n<p>Le Easee Home est con\u00e7u pour \u00eatre fonctionnel, durable et \u00e9l\u00e9gant. Il est 69 % plus petit et plus l\u00e9ger que les autres chargeurs pour VE du march\u00e9, ce qui simplifie votre processus de charge. La prise de charge est compatible avec les v\u00e9hicules \u00e9lectriques de type 2 et le processus de charge est rendu plus accessible gr\u00e2ce \u00e0 un c\u00e2ble de charge de 7,5 m\u00e8tres de long. L&rsquo;indication d&rsquo;\u00e9tat par LED rend le processus de charge facile \u00e0 comprendre. L&rsquo;appareil est disponible en diff\u00e9rentes couleurs, telles que le blanc, le rouge et le bleu.<\/p>\n<h3 style=\"color: #84c951;\">Effet de charge optimis\u00e9<\/h3>\n<p>Le Easee Home a un effet de charge optimis\u00e9, ce qui signifie que jusqu&rsquo;\u00e0 trois chargeurs pour VE peuvent \u00eatre utilis\u00e9s pour charger plusieurs voitures simultan\u00e9ment tout en \u00e9tant connect\u00e9s \u00e0 l&rsquo;alimentation \u00e9lectrique. Toutes les voitures connect\u00e9es sont charg\u00e9es simultan\u00e9ment et, comme l&rsquo;appareil dispose d&rsquo;un \u00e9quilibrage de charge dynamique, la puissance disponible est r\u00e9partie uniform\u00e9ment entre toutes les voitures. La puissance est automatiquement distribu\u00e9e afin que le fusible ne d\u00e9passe pas sa limite d\u00e9finie.<\/p>\n<h3 style=\"color: #84c951;\">Mises \u00e0 jour et garantie<\/h3>\n<p>Easee Home est un chargeur de v\u00e9hicule \u00e9lectrique s\u00fbr et \u00e9volutif qui re\u00e7oit en permanence des mises \u00e0 jour et de nouvelles fonctionnalit\u00e9s, ce qui en fait le chargeur id\u00e9al pour vous. L&rsquo;appareil est livr\u00e9 avec une garantie de 3 ans et a une longue dur\u00e9e de vie.<\/p>\n<h3 style=\"color: #84c951;\">Application Easee<\/h3>\n<p>L&rsquo;application Easee facilite la planification et le contr\u00f4le de l&rsquo;heure et de la dur\u00e9e de votre charge. La surveillance et la gestion \u00e0 distance d&rsquo;Easee Home sont transparentes. Vous pouvez obtenir un aper\u00e7u de votre consommation d&rsquo;\u00e9nergie via l&rsquo;application et recevoir les valeurs en direct de la session de charge en cours. Avec l&rsquo;application, vous pouvez \u00e9galement verrouiller le c\u00e2ble de charge sur votre appareil pour \u00e9viter les tracas li\u00e9s au rangement du c\u00e2ble \u00e0 chaque fois qu&rsquo;une session de charge se termine. L&rsquo;application s\u00e9curise le processus de charge car vous pouvez d\u00e9terminer quels utilisateurs ont acc\u00e8s au chargeur et quand ils peuvent charger leurs v\u00e9hicules \u00e9lectriques.<\/p>\n<h3 style=\"color: #84c951;\">Garantie de 3 ans incluse<\/h3>\n<p>La borne de recharge Easee est livr\u00e9e avec une garantie de 3 ans pour les d\u00e9fauts de mat\u00e9riaux et de fabrication. Vous avez une question sur la garantie ? N&rsquo;h\u00e9sitez pas \u00e0 contacter notre service client. Nous serons heureux de vous aider !<\/p>\n<p>Vous souhaitez en savoir plus sur la borne de recharge Easee\u00a0? Brochure de la station de charge Easee, manuel d&rsquo;utilisation de la station de charge Easee, sp\u00e9cifications techniques de la station de charge Easee.<\/p>\n<h3 style=\"color: #84c951;\">Sp\u00e9cifications techniques\u00a0:<\/h3>\n<table style=\"width: 100%; border-collapse: collapse; margin-top: 20px;\">\n<tbody>\n<tr>\n<td style=\"border: 1px solid #ddd; padding: 8px;\">Chargeur<\/td>\n<td style=\"border: 1px solid #ddd; padding: 8px;\">CA<\/td>\n<\/tr>\n<tr>\n<td style=\"border: 1px solid #ddd; padding: 8px;\">Couleur<\/td>\n<td style=\"border: 1px solid #ddd; padding: 8px;\">Noir<\/td>\n<\/tr>\n<tr>\n<td style=\"border: 1px solid #ddd; padding: 8px;\">Type de connecteur<\/td>\n<td style=\"border: 1px solid #ddd; padding: 8px;\">Prise de type 1 et de type 2<\/td>\n<\/tr>\n<tr>\n<td style=\"border: 1px solid #ddd; padding: 8px;\">Mode de charge<\/td>\n<td style=\"border: 1px solid #ddd; padding: 8px;\">(CEI 61851-1) Mode 3<\/td>\n<\/tr>\n<tr>\n<td style=\"border: 1px solid #ddd; padding: 8px;\">Dimensions<\/td>\n<td style=\"border: 1px solid #ddd; padding: 8px;\">256 x 193 x 106 mm<\/td>\n<\/tr>\n<tr>\n<td style=\"border: 1px solid #ddd; padding: 8px;\">Poids<\/td>\n<td style=\"border: 1px solid #ddd; padding: 8px;\">1,5 kg<\/td>\n<\/tr>\n<tr>\n<td style=\"border: 1px solid #ddd; padding: 8px;\">Puissance de charge maximale<\/td>\n<td style=\"border: 1px solid #ddd; padding: 8px;\">11 kW (triphas\u00e9)<\/td>\n<\/tr>\n<tr>\n<td style=\"border: 1px solid #ddd; padding: 8px;\">M\u00e9thode de montage<\/td>\n<td style=\"border: 1px solid #ddd; padding: 8px;\">Montage mural ou sur poteau<\/td>\n<\/tr>\n<tr>\n<td style=\"border: 1px solid #ddd; padding: 8px;\">Courant nominal<\/td>\n<td style=\"border: 1px solid #ddd; padding: 8px;\">400 V<\/td>\n<\/tr>\n<tr>\n<td style=\"border: 1px solid #ddd; padding: 8px;\">Courant nominal<\/td>\n<td style=\"border: 1px solid #ddd; padding: 8px;\">16 A (monophas\u00e9 et triphas\u00e9)<\/td>\n<\/tr>\n<tr>\n<td style=\"border: 1px solid #ddd; padding: 8px;\">Section du c\u00e2ble<\/td>\n<td style=\"border: 1px solid #ddd; padding: 8px;\">5 x 10 mm\u00b2<\/td>\n<\/tr>\n<tr>\n<td style=\"border: 1px solid #ddd; padding: 8px;\">Courant configurable<\/td>\n<td style=\"border: 1px solid #ddd; padding: 8px;\">6 A \u00e0 16 A<\/td>\n<\/tr>\n<tr>\n<td style=\"border: 1px solid #ddd; padding: 8px;\">Indice de protection<\/td>\n<td style=\"border: 1px solid #ddd; padding: 8px;\">IP54 \/ IK10<\/td>\n<\/tr>\n<tr>\n<td style=\"border: 1px solid #ddd; padding: 8px;\">Cat\u00e9gorie de surtension<\/td>\n<td style=\"border: 1px solid #ddd; padding: 8px;\">CAT III<\/td>\n<\/tr>\n<tr>\n<td style=\"border: 1px solid #ddd; padding: 8px;\">Courant r\u00e9siduel<\/td>\n<td style=\"border: 1px solid #ddd; padding: 8px;\">6 mA<\/td>\n<\/tr>\n<tr>\n<td style=\"border: 1px solid #ddd; padding: 8px;\">Connectivit\u00e9<\/td>\n<td style=\"border: 1px solid #ddd; padding: 8px;\">Wifi\/Ethernet\/4G<\/td>\n<\/tr>\n<tr>\n<td style=\"border: 1px solid #ddd; padding: 8px;\">Identifiant utilisateur<\/td>\n<td style=\"border: 1px solid #ddd; padding: 8px;\">RFID\/App<\/td>\n<\/tr>\n<tr>\n<td style=\"border: 1px solid #ddd; padding: 8px;\">Interface utilisateur<\/td>\n<td style=\"border: 1px solid #ddd; padding: 8px;\">Application et portail Easee<\/td>\n<\/tr>\n<\/tbody>\n<\/table>\n<p>&nbsp;<\/p>\n","protected":false},"excerpt":{"rendered":"<p>\u2705 Prise de charge universelle<br \/>\n\u2705\u00a04G int\u00e9gr\u00e9e dans chaque borne de recharge<br \/>\n\u2705\u00a0Abonnement gratuit \u00e0 vie inclus<br \/>\n\u2705\u00a0Prend en charge tous les branchements \u00e9lectriques<br \/>\n\u2705\u00a0Puissance de charge r\u00e9glable jusqu&rsquo;\u00e0 11 kW<br \/>\n\u2705 Prise en charge de l&rsquo;\u00e9quilibrage de charge<br \/>\n\u2705\u00a0\u00c9quip\u00e9 d&rsquo;une d\u00e9tection DC 6 mA<br \/>\n\u2705\u00a0Lecteur RFID et compteur d&rsquo;\u00e9nergie int\u00e9gr\u00e9s<br \/>\n\u2705\u00a0R\u00e8glement automatique possible via e-flux<br \/>\n\u2705\u00a0Compteur kWh pour la lecture de la consommation de charge<br \/>\n\u2705 Gestion \u00e0 distance et optimisation logicielle<br \/>\n\u2705\u00a0Diff\u00e9rentes couleurs de coque disponibles<br \/>\n\u2705\u00a0Garantie 3 ans<\/p>\n","protected":false},"featured_media":67936,"template":"","meta":{"_monsterinsights_skip_tracking":false,"_monsterinsights_sitenote_active":false,"_monsterinsights_sitenote_note":"","_monsterinsights_sitenote_category":0,"_uf_show_specific_survey":0,"_uf_disable_surveys":false},"product_brand":[],"product_cat":[135,129,128],"product_tag":[],"class_list":{"0":"post-68466","1":"product","2":"type-product","3":"status-publish","4":"has-post-thumbnail","6":"product_cat-evolutif-et-complet","7":"product_cat-tout","8":"product_cat-toutes-les-stations-de-recharge","10":"first","11":"instock","12":"taxable","13":"shipping-taxable","14":"purchasable","15":"product-type-simple"},"exclude_global_add_ons":false,"addons":[{"name":"1. Installation","type":"multiple_choice","position":0,"required":true,"title_format":"label","description_enable":false,"description":"","placeholder_enable":false,"placeholder":"","display":"select","restrictions_type":"any_text","adjust_price":false,"price":"","price_type":"flat_fee","restrictions":false,"min":0,"max":0,"options":[{"label":"installez-vous","price":"","price_type":"flat_fee","image":0},{"label":"Installation jusqu'\u00e0 5 m\u00e8tres (Main d'oeuvre : 349,00 \u20ac + Mat\u00e9riaux 85,00 \u20ac) Total :","price":"434","price_type":"flat_fee","image":0},{"label":"Installation jusqu'\u00e0 10 m\u00e8tres (Main d'oeuvre : 379,00 \u20ac + Mat\u00e9riaux 105,00 \u20ac) Total :","price":"484","price_type":"flat_fee","image":0},{"label":"Installation jusqu'\u00e0 15 m\u00e8tres (Main d'oeuvre : 399,00 \u20ac + Mat\u00e9riaux 140,00 \u20ac) Total :","price":"539","price_type":"flat_fee","image":0},{"label":"Installation up to 20 meters (Labor: \u20ac425.00 + Materials \u20ac190.00) Total:","price":"615","price_type":"flat_fee","image":0}],"id":1722852623},{"name":"2. Choisissez la couleur de votre couverture","type":"multiple_choice","position":1,"required":true,"title_format":"label","description_enable":false,"description":"","placeholder_enable":false,"placeholder":"","display":"select","restrictions_type":"any_text","adjust_price":false,"price":"","price_type":"flat_fee","restrictions":false,"min":0,"max":0,"options":[{"label":"Noir","price":"","price_type":"flat_fee","image":0},{"label":"Blanc","price":"55.00","price_type":"flat_fee","image":0},{"label":"Bleu","price":"55.00","price_type":"flat_fee","image":0},{"label":"Rouge","price":"55.00","price_type":"flat_fee","image":0},{"label":"Anthracite","price":"55.00","price_type":"flat_fee","image":0}],"id":1722980077},{"name":"3. Choisissez un c\u00e2ble de chargement en option","type":"multiple_choice","position":2,"required":true,"title_format":"label","description_enable":false,"description":"","placeholder_enable":false,"placeholder":"","display":"select","restrictions_type":"any_text","adjust_price":false,"price":"","price_type":"flat_fee","restrictions":false,"min":0,"max":0,"options":[{"label":"Aucun","price":"","price_type":"flat_fee","image":0},{"label":"C\u00e2ble de charge type 2 4 m\u00e8tres","price":"225","price_type":"flat_fee","image":0},{"label":"C\u00e2ble de charge de type 2 de 7,5 m\u00e8tres","price":"299","price_type":"flat_fee","image":0}],"id":1722980078},{"name":"4. Choisissez un support de c\u00e2ble en option","type":"multiple_choice","position":3,"required":true,"title_format":"label","description_enable":false,"description":"","placeholder_enable":false,"placeholder":"","display":"select","restrictions_type":"any_text","adjust_price":false,"price":"","price_type":"flat_fee","restrictions":false,"min":0,"max":0,"options":[{"label":"Aucun","price":"","price_type":"flat_fee","image":0},{"label":"Crochet en U noir","price":"59","price_type":"flat_fee","image":0},{"label":"Crochet en U chrom\u00e9","price":"89","price_type":"flat_fee","image":0}],"id":1722980079},{"name":"5. Choisissez des \u00e9tiquettes RFID en option","type":"multiple_choice","position":4,"required":true,"title_format":"label","description_enable":false,"description":"","placeholder_enable":false,"placeholder":"","display":"select","restrictions_type":"any_text","adjust_price":false,"price":"","price_type":"flat_fee","restrictions":false,"min":0,"max":0,"options":[{"label":"Aucun","price":"","price_type":"flat_fee","image":0},{"label":"1 \u00e9tiquette Easee","price":"6","price_type":"flat_fee","image":0},{"label":"2 balises Easee","price":"12","price_type":"flat_fee","image":0},{"label":"4 balises Easee","price":"24","price_type":"flat_fee","image":0},{"label":"5 balises Easee","price":"29","price_type":"flat_fee","image":0},{"label":"10 balises Easee","price":"54","price_type":"flat_fee","image":0}],"id":1722980080},{"name":"6. Choisissez l'\u00e9quilibrage de charge facultatif","type":"multiple_choice","position":5,"required":true,"title_format":"label","description_enable":false,"description":"","placeholder_enable":false,"placeholder":"","display":"select","restrictions_type":"any_text","adjust_price":false,"price":"","price_type":"flat_fee","restrictions":false,"min":0,"max":0,"options":[{"label":"Sans \u00e9quilibrage de charge","price":"","price_type":"flat_fee","image":0},{"label":"Avec \u00e9quilibrage de charge","price":"175","price_type":"flat_fee","image":0}],"id":1722963244},{"name":"7. Comment souhaitez-vous monter la station de charge ?","type":"multiple_choice","position":6,"required":true,"title_format":"label","description_enable":false,"description":"","placeholder_enable":false,"placeholder":"","display":"select","restrictions_type":"any_text","adjust_price":false,"price":"","price_type":"flat_fee","restrictions":false,"min":0,"max":0,"options":[{"label":"Support mural","price":"","price_type":"flat_fee","image":0},{"label":"Montage sur poteau","price":"589.00","price_type":"flat_fee","image":0}],"id":1722963245},{"name":"8. Comment souhaitez-vous organiser l'inspection \u00e9lectrique ?","type":"multiple_choice","position":7,"required":true,"title_format":"label","description_enable":false,"description":"","placeholder_enable":false,"placeholder":"","display":"select","restrictions_type":"any_text","adjust_price":false,"price":"","price_type":"flat_fee","restrictions":false,"min":0,"max":0,"options":[{"label":"Prenez rendez-vous vous-m\u00eame","price":"","price_type":"flat_fee","image":0},{"label":"Nous planifions l'inspection pour vous","price":"165.00","price_type":"flat_fee","image":0}],"id":1722963246}],"aioseo_notices":[],"jetpack_sharing_enabled":true,"_links":{"self":[{"href":"https:\/\/laadpaaltechniekers.be\/fr\/wp-json\/wp\/v2\/product\/68466","targetHints":{"allow":["GET"]}}],"collection":[{"href":"https:\/\/laadpaaltechniekers.be\/fr\/wp-json\/wp\/v2\/product"}],"about":[{"href":"https:\/\/laadpaaltechniekers.be\/fr\/wp-json\/wp\/v2\/types\/product"}],"wp:featuredmedia":[{"embeddable":true,"href":"https:\/\/laadpaaltechniekers.be\/fr\/wp-json\/wp\/v2\/media\/67936"}],"wp:attachment":[{"href":"https:\/\/laadpaaltechniekers.be\/fr\/wp-json\/wp\/v2\/media?parent=68466"}],"wp:term":[{"taxonomy":"product_brand","embeddable":true,"href":"https:\/\/laadpaaltechniekers.be\/fr\/wp-json\/wp\/v2\/product_brand?post=68466"},{"taxonomy":"product_cat","embeddable":true,"href":"https:\/\/laadpaaltechniekers.be\/fr\/wp-json\/wp\/v2\/product_cat?post=68466"},{"taxonomy":"product_tag","embeddable":true,"href":"https:\/\/laadpaaltechniekers.be\/fr\/wp-json\/wp\/v2\/product_tag?post=68466"}],"curies":[{"name":"wp","href":"https:\/\/api.w.org\/{rel}","templated":true}]}}