{"id":68451,"date":"2024-08-06T19:25:16","date_gmt":"2024-08-06T17:25:16","guid":{"rendered":"https:\/\/laadpaaltechniekers.be\/product\/wallbox-pulsar-plus\/"},"modified":"2024-08-06T19:25:16","modified_gmt":"2024-08-06T17:25:16","slug":"wallbox-pulsar-plus","status":"publish","type":"product","link":"https:\/\/laadpaaltechniekers.be\/fr\/produit\/wallbox-pulsar-plus\/","title":{"rendered":"Wallbox Pulsar Plus"},"content":{"rendered":"<p><!DOCTYPE html><br \/>\n<html lang=\"fr\"><br \/>\n<body style=\"font-family: Arial, sans-serif; line-height: 1.6; margin: 0; padding: 20px; max-width: 800px;\"><\/p>\n<p>La Wallbox Pulsar Plus est un appareil compact avec des performances de charge rapide, con\u00e7u pour les installations int\u00e9rieures et ext\u00e9rieures. Il est con\u00e7u pour \u00eatre l\u00e9ger, durable et convivial.<\/p>\n<p>Avec l&rsquo;application myWallbox, la Wallbox Pulsar Plus peut \u00eatre visualis\u00e9e et g\u00e9r\u00e9e \u00e0 distance. Vous pouvez verrouiller et d\u00e9verrouiller votre appareil d&rsquo;une simple pression sur votre smartphone, programmer la charge depuis n&rsquo;importe quel endroit avec une connexion Wi-Fi et visualiser les sessions de charge en temps r\u00e9el. Vous avez \u00e9galement acc\u00e8s aux donn\u00e9es de consommation d&rsquo;\u00e9nergie et \u00e0 l&rsquo;historique de charge, ainsi qu&rsquo;aux mises \u00e0 jour logicielles et aux corrections de bugs.<\/p>\n<p>La fonction de partage de puissance de la Wallbox Pulsar Plus, gr\u00e2ce \u00e0 sa capacit\u00e9 d&rsquo;\u00e9quilibrage de charge actif, permet de charger simultan\u00e9ment plusieurs v\u00e9hicules gr\u00e2ce \u00e0 la distribution de puissance entre les chargeurs connect\u00e9s. Avec sa prise, son c\u00e2ble de charge de 5 m\u00e8tres ou de 7 m\u00e8tres compatible avec une large gamme de v\u00e9hicules \u00e9lectriques du march\u00e9, la charge devient facile et plus rapide.<\/p>\n<p>La Wallbox Pulsar Plus est compatible avec les prises de charge de type 2, ce qui signifie qu&rsquo;elle peut facilement charger une grande vari\u00e9t\u00e9 de v\u00e9hicules \u00e9lectriques du march\u00e9. Il est dot\u00e9 d&rsquo;une connectivit\u00e9 Wi-Fi et Bluetooth en guise de secours au cas o\u00f9 le Wi-Fi ne serait pas disponible, ainsi que d&rsquo;un \u00e9quilibrage de charge actif et d&rsquo;une protection contre les fuites de courant continu.<\/p>\n<h3 style=\"color: #84c951;\">Avantages et fonctionnalit\u00e9s de la Wallbox Pulsar Plus<\/h3>\n<h3 style=\"color: #84c951;\">Application MyWallbox<\/h3>\n<p>La Wallbox Pulsar Plus peut \u00eatre connect\u00e9e \u00e0 l&rsquo;application myWallbox en quelques clics sur votre smartphone. Avec cette application, vous pouvez surveiller et g\u00e9rer votre point de recharge pour VE. Vous pouvez choisir quand charger votre VE, par exemple, lorsque les tarifs d&rsquo;\u00e9lectricit\u00e9 sont moins chers, ce qui r\u00e9duit les co\u00fbts de charge. Vous pouvez \u00e9galement verrouiller et d\u00e9verrouiller votre chargeur de VE \u00e0 distance pour des raisons de s\u00e9curit\u00e9 afin d&#8217;emp\u00eacher toute utilisation non autoris\u00e9e. Vous pouvez commencer \u00e0 charger votre VE \u00e0 distance depuis n&rsquo;importe o\u00f9 dans le monde \u00e0 l&rsquo;aide de l&rsquo;application tout en surveillant votre Wallbox Pulsar Plus en temps r\u00e9el et en consultant l&rsquo;historique de charge. Des correctifs de bugs et des mises \u00e0 jour logicielles sont \u00e9galement envoy\u00e9s sous forme de mises \u00e0 jour en direct.<\/p>\n<h3 style=\"color: #84c951;\">Connectivit\u00e9 WiFi et Bluetooth<\/h3>\n<p>La Wallbox Pulsar Plus a la capacit\u00e9 de se connecter \u00e0 la fois au WiFi et au Bluetooth, vous donnant acc\u00e8s \u00e0 une gamme de fonctionnalit\u00e9s, de la planification de votre prochaine charge en quelques clics sur votre smartphone \u00e0 la r\u00e9ception de mises \u00e0 jour pour garantir que votre chargeur de v\u00e9hicule \u00e9lectrique est toujours dans un \u00e9tat optimal. Le Bluetooth sert \u00e9galement de sauvegarde id\u00e9ale lorsque le WiFi n&rsquo;est pas disponible.<\/p>\n<h3 style=\"color: #84c951;\">Conception compacte<\/h3>\n<p>Plus l\u00e9ger qu&rsquo;un ordinateur portable et plus petit qu&rsquo;un grille-pain, c&rsquo;est ainsi que Wallbox d\u00e9crit la Wallbox Pulsar Plus. Il s&rsquo;agit d&rsquo;un appareil l\u00e9ger et robuste con\u00e7u pour une installation facile et une charge puissante. Elle est accompagn\u00e9e d&rsquo;un c\u00e2ble de charge de 5 ou 7 m\u00e8tres, ce qui permet de recharger votre v\u00e9hicule \u00e9lectrique \u00e0 domicile plus facilement et plus rapidement.<\/p>\n<h3 style=\"color: #84c951;\">Prise, c\u00e2ble fixe de 5 ou 7 m\u00e8tres Type 2<\/h3>\n<p>La Wallbox Pulsar Plus est disponible en version prise ou livr\u00e9e avec un c\u00e2ble de charge de 5 ou 7 m\u00e8tres. Avec ce c\u00e2ble de charge Type 2, vous pouvez recharger votre v\u00e9hicule \u00e9lectrique avec beaucoup plus de flexibilit\u00e9, vous permettant de le recharger \u00e0 diff\u00e9rents endroits. Par rapport aux c\u00e2bles de charge standard disponibles sur le march\u00e9, la Pulsar Plus peut charger votre v\u00e9hicule \u00e9lectrique sept fois plus rapidement.<\/p>\n<h3 style=\"color: #84c951;\">Partage de puissance<\/h3>\n<p>La Wallbox Pulsar Plus dispose de capacit\u00e9s de partage de puissance active, permettant de charger plusieurs v\u00e9hicules \u00e9lectriques simultan\u00e9ment gr\u00e2ce \u00e0 la distribution de puissance entre les chargeurs connect\u00e9s. Power Boost vous permet \u00e9galement de charger votre appareil \u00e9lectrique \u00e0 pleine puissance sans \u00eatre limit\u00e9 par la bande passante de votre panneau. De plus, la puissance d\u00e9livr\u00e9e \u00e0 votre v\u00e9hicule \u00e9lectrique peut \u00eatre \u00e9quilibr\u00e9e avec la consommation d&rsquo;\u00e9nergie de votre foyer.<\/p>\n<h3 style=\"color: #84c951;\">Gestion de la charge<\/h3>\n<p>La Wallbox Pulsar Plus dispose de solutions de gestion de l&rsquo;\u00e9nergie int\u00e9gr\u00e9es. La consommation d&rsquo;\u00e9nergie domestique peut \u00eatre surveill\u00e9e \u00e0 l&rsquo;aide du compteur d&rsquo;\u00e9nergie disponible chez Wallbox. Vous pouvez \u00e9galement utiliser l&rsquo;\u00e9nergie renouvelable pour recharger votre voiture en la connectant \u00e0 votre syst\u00e8me solaire.<\/p>\n<h3 style=\"color: #84c951;\">Durable<\/h3>\n<p>Avec les indices IK08 et IP54, la Wallbox Pulsar Plus est certifi\u00e9e r\u00e9sistante \u00e0 l&rsquo;eau et \u00e0 la poussi\u00e8re, ce qui la rend adapt\u00e9e aux environnements int\u00e9rieurs et ext\u00e9rieurs, offrant une installation flexible et sans tracas.<\/p>\n<h3 style=\"color: #84c951;\">Garantie de 2 ans incluse<\/h3>\n<p>Le chargeur domestique Wallbox Pulsar Plus est assorti d&rsquo;une garantie de 2 ans contre les d\u00e9fauts de mat\u00e9riaux et de fabrication. Vous avez une question sur la garantie ? N&rsquo;h\u00e9sitez pas \u00e0 contacter notre service client. Nous serons heureux de vous aider !<\/p>\n<p>Vous souhaitez en savoir plus sur Wallbox Pulsar Plus ? Manuel d&rsquo;utilisation Wallbox Pulsar Plus, Caract\u00e9ristiques techniques Wallbox Pulsar Plus, Caract\u00e9ristiques techniques Prise Wallbox Pulsar Plus.<\/p>\n<h3 style=\"color: #84c951;\">Caract\u00e9ristiques techniques\u00a0:<\/h3>\n<table style=\"width: 100%; border-collapse: collapse; margin-top: 20px;\">\n<tr>\n<td style=\"border: 1px solid #ddd; padding: 8px;\">Connecteur<\/td>\n<td style=\"border: 1px solid #ddd; padding: 8px;\">Prise ou type 2<\/td>\n<\/tr>\n<tr>\n<td style=\"border: 1px solid #ddd; padding: 8px;\">Courant maximal<\/td>\n<td style=\"border: 1px solid #ddd; padding: 8px;\">C\u00e2ble 32 A, 5 x 10 mm\u00b2<\/td>\n<\/tr>\n<tr>\n<td style=\"border: 1px solid #ddd; padding: 8px;\">Inclut une protection contre les fuites CC<\/td>\n<td style=\"border: 1px solid #ddd; padding: 8px;\">Oui<\/td>\n<\/tr>\n<tr>\n<td style=\"border: 1px solid #ddd; padding: 8px;\">Interface utilisateur<\/td>\n<td style=\"border: 1px solid #ddd; padding: 8px;\">Portail myWallbox, application Wallbox<\/td>\n<\/tr>\n<tr>\n<td style=\"border: 1px solid #ddd; padding: 8px;\">Cat\u00e9gorie de surtension<\/td>\n<td style=\"border: 1px solid #ddd; padding: 8px;\">CAT III<\/td>\n<\/tr>\n<tr>\n<td style=\"border: 1px solid #ddd; padding: 8px;\">Plage de temp\u00e9rature de stockage<\/td>\n<td style=\"border: 1px solid #ddd; padding: 8px;\">-40\u00baC \u00e0 70\u00baC<\/td>\n<\/tr>\n<tr>\n<td style=\"border: 1px solid #ddd; padding: 8px;\">Disjoncteur diff\u00e9rentiel<\/td>\n<td style=\"border: 1px solid #ddd; padding: 8px;\">Disjoncteur diff\u00e9rentiel externe requis<\/td>\n<\/tr>\n<tr>\n<td style=\"border: 1px solid #ddd; padding: 8px;\">Fr\u00e9quence nominale<\/td>\n<td style=\"border: 1px solid #ddd; padding: 8px;\">50 Hz \/ 60 Hz<\/td>\n<\/tr>\n<tr>\n<td style=\"border: 1px solid #ddd; padding: 8px;\">Degr\u00e9 de protection<\/td>\n<td style=\"border: 1px solid #ddd; padding: 8px;\">IP54 \/ IK08<\/td>\n<\/tr>\n<tr>\n<td style=\"border: 1px solid #ddd; padding: 8px;\">Plage de temp\u00e9rature de charge<\/td>\n<td style=\"border: 1px solid #ddd; padding: 8px;\">-25\u00baC \u00e0 40\u00baC<\/td>\n<\/tr>\n<tr>\n<td style=\"border: 1px solid #ddd; padding: 8px;\">Tension d&rsquo;entr\u00e9e<\/td>\n<td style=\"border: 1px solid #ddd; padding: 8px;\">110 \/ 230 V CA \u00b1 10 % (1P) \/ 400 V CA \u00b1 10 % (3P)<\/td>\n<\/tr>\n<tr>\n<td style=\"border: 1px solid #ddd; padding: 8px;\">Fonctionnalit\u00e9s incluses<\/td>\n<td style=\"border: 1px solid #ddd; padding: 8px;\">Partage de puissance intelligent<\/td>\n<\/tr>\n<tr>\n<td style=\"border: 1px solid #ddd; padding: 8px;\">Dimensions hors tout<\/td>\n<td style=\"border: 1px solid #ddd; padding: 8px;\">166 x 163 x 82 mm<\/td>\n<\/tr>\n<tr>\n<td style=\"border: 1px solid #ddd; padding: 8px;\">Puissance maximale<\/td>\n<td style=\"border: 1px solid #ddd; padding: 8px;\">22 kW<\/td>\n<\/tr>\n<tr>\n<td style=\"border: 1px solid #ddd; padding: 8px;\">Mode de charge<\/td>\n<td style=\"border: 1px solid #ddd; padding: 8px;\">Mode 3<\/td>\n<\/tr>\n<tr>\n<td style=\"border: 1px solid #ddd; padding: 8px;\">\u00c9tat de charge<\/td>\n<td style=\"border: 1px solid #ddd; padding: 8px;\">Halo RGB LED, application Wallbox, portail myWallbox<\/td>\n<\/tr>\n<tr>\n<td style=\"border: 1px solid #ddd; padding: 8px;\">Longueur du c\u00e2ble<\/td>\n<td style=\"border: 1px solid #ddd; padding: 8px;\">5 m ou 7 m<\/td>\n<\/tr>\n<\/table>\n<p><\/body><br \/>\n<\/html><\/p>\n","protected":false},"excerpt":{"rendered":"<p>\u2705\u00a0\u00c9quip\u00e9 du WIFI et du Bluetooth<br \/>\n\u2705\u00a0Capacit\u00e9 de charge \u00e9lev\u00e9e de 22 kW<br \/>\n\u2705\u00a0Convient pour une charge monophas\u00e9e ou triphas\u00e9e<br \/>\n\u2705\u00a0Aper\u00e7u et gestion via l&rsquo;application MyWallbox<br \/>\n\u2705\u00a0Aucun abonnement requis<br \/>\n\u2705\u00a0Prise en charge de l&rsquo;\u00e9quilibrage de charge<br \/>\n\u2705\u00a0\u00c9quip\u00e9 d&rsquo;une d\u00e9tection DC de 6 mA<br \/>\n\u2705\u00a0Gestion \u00e0 distance et optimisation logicielle<br \/>\n\u2705\u00a0Peut \u00eatre plac\u00e9 \u00e0 l&rsquo;int\u00e9rieur et \u00e0 l&rsquo;ext\u00e9rieur<br \/>\n\u2705\u00a0Prise, c\u00e2ble de charge fixe de 5 ou 7 m\u00e8tres<br \/>\n\u2705\u00a0Garantie constructeur de 2 ans<\/p>\n","protected":false},"featured_media":67882,"template":"","meta":{"_monsterinsights_skip_tracking":false,"_monsterinsights_sitenote_active":false,"_monsterinsights_sitenote_note":"","_monsterinsights_sitenote_category":0,"_uf_show_specific_survey":0,"_uf_disable_surveys":false},"product_brand":[],"product_cat":[134,129,128],"product_tag":[],"class_list":{"0":"post-68451","1":"product","2":"type-product","3":"status-publish","4":"has-post-thumbnail","6":"product_cat-simple-et-compact","7":"product_cat-tout","8":"product_cat-toutes-les-stations-de-recharge","10":"first","11":"instock","12":"taxable","13":"shipping-taxable","14":"purchasable","15":"product-type-simple"},"exclude_global_add_ons":false,"addons":[{"name":"1.Installation","type":"multiple_choice","position":0,"required":true,"title_format":"label","description_enable":false,"description":"","placeholder_enable":false,"placeholder":"","display":"select","restrictions_type":"any_text","adjust_price":false,"price":"","price_type":"flat_fee","restrictions":false,"min":0,"max":0,"options":[{"label":"Auto-installation","price":"","price_type":"flat_fee","image":0},{"label":"Installation jusqu'\u00e0 5 m\u00e8tres (Main d'oeuvre : 349,00 \u20ac + Mat\u00e9riaux 85,00 \u20ac) Total :","price":"434","price_type":"flat_fee","image":0},{"label":"Installation jusqu'\u00e0 10 m\u00e8tres (Main d'oeuvre : 379,00 \u20ac + Mat\u00e9riaux 105,00 \u20ac) Total :","price":"484","price_type":"flat_fee","image":0},{"label":"Installation jusqu'\u00e0 15 m\u00e8tres (Main d'oeuvre : 399,00 \u20ac + Mat\u00e9riaux 140,00 \u20ac) Total :","price":"539","price_type":"flat_fee","image":0},{"label":"Installation jusqu'\u00e0 20 m\u00e8tres (Main d'oeuvre : 425,00 \u20ac + Mat\u00e9riaux 190,00 \u20ac) Total :","price":"615","price_type":"flat_fee","image":0}],"id":1722852623},{"name":"2. Choisissez la longueur du c\u00e2ble","type":"multiple_choice","position":1,"required":true,"title_format":"label","description_enable":false,"description":"","placeholder_enable":false,"placeholder":"","display":"select","restrictions_type":"any_text","adjust_price":false,"price":"","price_type":"flat_fee","restrictions":false,"min":0,"max":0,"options":[{"label":"Douille","price":"","price_type":"flat_fee","image":0},{"label":"5 m\u00e8tres","price":"150","price_type":"flat_fee","image":0},{"label":"7 m\u00e8tres","price":"205","price_type":"flat_fee","image":0}],"id":1722852734},{"name":"3. Choisissez l'\u00e9quilibrage de charge facultatif","type":"multiple_choice","position":2,"required":true,"title_format":"label","description_enable":false,"description":"","placeholder_enable":false,"placeholder":"","display":"select","restrictions_type":"any_text","adjust_price":false,"price":"","price_type":"flat_fee","restrictions":false,"min":0,"max":0,"options":[{"label":"Sans \u00e9quilibrage de charge","price":"","price_type":"flat_fee","image":0},{"label":"Avec \u00e9quilibrage de charge","price":"223.79","price_type":"flat_fee","image":0}],"id":1722963244},{"name":"4.Comment souhaitez-vous monter la station de charge ?","type":"multiple_choice","position":3,"required":true,"title_format":"label","description_enable":false,"description":"","placeholder_enable":false,"placeholder":"","display":"select","restrictions_type":"any_text","adjust_price":false,"price":"","price_type":"flat_fee","restrictions":false,"min":0,"max":0,"options":[{"label":"Support mural","price":"","price_type":"flat_fee","image":0},{"label":"Montage sur poteau","price":"589.00","price_type":"flat_fee","image":0}],"id":1722963245},{"name":"5.Comment souhaitez-vous organiser l'inspection \u00e9lectrique ?","type":"multiple_choice","position":4,"required":true,"title_format":"label","description_enable":false,"description":"","placeholder_enable":false,"placeholder":"","display":"select","restrictions_type":"any_text","adjust_price":false,"price":"","price_type":"flat_fee","restrictions":false,"min":0,"max":0,"options":[{"label":"Prenez rendez-vous vous-m\u00eame","price":"","price_type":"flat_fee","image":0},{"label":"Nous planifions l'inspection pour vous","price":"165.00","price_type":"flat_fee","image":0}],"id":1722963246}],"aioseo_notices":[],"jetpack_sharing_enabled":true,"_links":{"self":[{"href":"https:\/\/laadpaaltechniekers.be\/fr\/wp-json\/wp\/v2\/product\/68451","targetHints":{"allow":["GET"]}}],"collection":[{"href":"https:\/\/laadpaaltechniekers.be\/fr\/wp-json\/wp\/v2\/product"}],"about":[{"href":"https:\/\/laadpaaltechniekers.be\/fr\/wp-json\/wp\/v2\/types\/product"}],"wp:featuredmedia":[{"embeddable":true,"href":"https:\/\/laadpaaltechniekers.be\/fr\/wp-json\/wp\/v2\/media\/67882"}],"wp:attachment":[{"href":"https:\/\/laadpaaltechniekers.be\/fr\/wp-json\/wp\/v2\/media?parent=68451"}],"wp:term":[{"taxonomy":"product_brand","embeddable":true,"href":"https:\/\/laadpaaltechniekers.be\/fr\/wp-json\/wp\/v2\/product_brand?post=68451"},{"taxonomy":"product_cat","embeddable":true,"href":"https:\/\/laadpaaltechniekers.be\/fr\/wp-json\/wp\/v2\/product_cat?post=68451"},{"taxonomy":"product_tag","embeddable":true,"href":"https:\/\/laadpaaltechniekers.be\/fr\/wp-json\/wp\/v2\/product_tag?post=68451"}],"curies":[{"name":"wp","href":"https:\/\/api.w.org\/{rel}","templated":true}]}}